{"id":2004,"date":"2019-08-21T15:10:46","date_gmt":"2019-08-21T18:10:46","guid":{"rendered":"https:\/\/www.hotel10.com.br\/hable-con-nosotros\/"},"modified":"2019-11-19T08:26:07","modified_gmt":"2019-11-19T11:26:07","slug":"hable-con-nosotros","status":"publish","type":"page","link":"https:\/\/www.hotel10.com.br\/es\/hable-con-nosotros\/","title":{"rendered":"Hable con nosotros"},"content":{"rendered":"\t\t<div data-elementor-type=\"wp-post\" data-elementor-id=\"2004\" class=\"elementor elementor-2004 elementor-421\">\n\t\t\t\t\t\t<section class=\"elementor-section elementor-top-section elementor-element elementor-element-6c0cf14 elementor-section-full_width h10-titulo-pg elementor-section-height-default elementor-section-height-default wpr-particle-no wpr-jarallax-no wpr-parallax-no wpr-sticky-section-no\" data-id=\"6c0cf14\" data-element_type=\"section\" data-e-type=\"section\" data-settings=\"{&quot;background_background&quot;:&quot;classic&quot;}\">\n\t\t\t\t\t\t<div class=\"elementor-container elementor-column-gap-default\">\n\t\t\t\t\t<div class=\"elementor-column elementor-col-100 elementor-top-column elementor-element elementor-element-3bcf59a\" data-id=\"3bcf59a\" data-element_type=\"column\" data-e-type=\"column\">\n\t\t\t<div class=\"elementor-widget-wrap elementor-element-populated\">\n\t\t\t\t\t\t<div class=\"elementor-element elementor-element-2828c4f titulo-pagina elementor-widget elementor-widget-heading\" data-id=\"2828c4f\" data-element_type=\"widget\" data-e-type=\"widget\" data-widget_type=\"heading.default\">\n\t\t\t\t\t<h1 class=\"elementor-heading-title elementor-size-large\">Hable con nosotros<\/h1>\t\t\t\t<\/div>\n\t\t\t\t\t<\/div>\n\t\t<\/div>\n\t\t\t\t\t<\/div>\n\t\t<\/section>\n\t\t\t\t<section class=\"elementor-section elementor-top-section elementor-element elementor-element-b406123 h10-subt cinza menor elementor-section-boxed elementor-section-height-default elementor-section-height-default wpr-particle-no wpr-jarallax-no wpr-parallax-no wpr-sticky-section-no\" data-id=\"b406123\" data-element_type=\"section\" data-e-type=\"section\" data-settings=\"{&quot;background_background&quot;:&quot;classic&quot;}\">\n\t\t\t\t\t\t<div class=\"elementor-container elementor-column-gap-default\">\n\t\t\t\t\t<div class=\"elementor-column elementor-col-100 elementor-top-column elementor-element elementor-element-37b546e\" data-id=\"37b546e\" data-element_type=\"column\" data-e-type=\"column\">\n\t\t\t<div class=\"elementor-widget-wrap elementor-element-populated\">\n\t\t\t\t\t\t<div class=\"elementor-element elementor-element-956bf67 elementor-widget elementor-widget-text-editor\" data-id=\"956bf67\" data-element_type=\"widget\" data-e-type=\"widget\" data-widget_type=\"text-editor.default\">\n\t\t\t\t\t\t\t\t\t<p>Red Hotel 10 siempre est\u00e1 disponible para responder todas sus preguntas, escuchar cr\u00edticas y recibir sugerencias. Cuenta con nosotros<\/p>\n\t\t\t\t\t\t\t\t<\/div>\n\t\t\t\t\t<\/div>\n\t\t<\/div>\n\t\t\t\t\t<\/div>\n\t\t<\/section>\n\t\t\t\t<section class=\"elementor-section elementor-top-section elementor-element elementor-element-d5ed90d elementor-section-boxed elementor-section-height-default elementor-section-height-default wpr-particle-no wpr-jarallax-no wpr-parallax-no wpr-sticky-section-no\" data-id=\"d5ed90d\" data-element_type=\"section\" data-e-type=\"section\" data-settings=\"{&quot;background_background&quot;:&quot;classic&quot;}\">\n\t\t\t\t\t\t<div class=\"elementor-container elementor-column-gap-wider\">\n\t\t\t\t\t<div class=\"elementor-column elementor-col-66 elementor-top-column elementor-element elementor-element-1443ac9\" data-id=\"1443ac9\" data-element_type=\"column\" data-e-type=\"column\">\n\t\t\t<div class=\"elementor-widget-wrap elementor-element-populated\">\n\t\t\t\t\t\t<div class=\"elementor-element elementor-element-b072079 h10-form elementor-widget elementor-widget-text-editor\" data-id=\"b072079\" data-element_type=\"widget\" data-e-type=\"widget\" data-widget_type=\"text-editor.default\">\n\t\t\t\t\t\t\t\t\t\n<div class=\"wpcf7 no-js\" id=\"wpcf7-f2829-o1\" lang=\"pt-BR\" dir=\"ltr\" data-wpcf7-id=\"2829\">\n<div class=\"screen-reader-response\"><p role=\"status\" aria-live=\"polite\" aria-atomic=\"true\"><\/p> <ul><\/ul><\/div>\n<form action=\"\/es\/wp-json\/wp\/v2\/pages\/2004#wpcf7-f2829-o1\" method=\"post\" class=\"wpcf7-form init\" aria-label=\"Formul\u00e1rios de contato\" novalidate=\"novalidate\" data-status=\"init\">\n<fieldset class=\"hidden-fields-container\"><input type=\"hidden\" name=\"_wpcf7\" value=\"2829\" \/><input type=\"hidden\" name=\"_wpcf7_version\" value=\"6.1.5\" \/><input type=\"hidden\" name=\"_wpcf7_locale\" value=\"pt_BR\" \/><input type=\"hidden\" name=\"_wpcf7_unit_tag\" value=\"wpcf7-f2829-o1\" \/><input type=\"hidden\" name=\"_wpcf7_container_post\" value=\"0\" \/><input type=\"hidden\" name=\"_wpcf7_posted_data_hash\" value=\"\" \/><input type=\"hidden\" name=\"_wpcf7_recaptcha_response\" value=\"\" \/>\n<\/fieldset>\n<center style=\"color:#CCC; font-size:10px;\">Todos los campos son obligatorios<\/center>\n<div class=\"elementor-widget-image\"><span class=\"wpcf7-form-control-wrap\" data-name=\"your-recipient\"><select class=\"wpcf7-form-control wpcf7-select wpcf7-validates-as-required class_inte\" id=\"id_inte\" aria-required=\"true\" aria-invalid=\"false\" name=\"your-recipient\"><option value=\"\">Seleccionar hotel:<\/option><option value=\"Hotel 10 Aparecida de Goi\u00e2nia\">Hotel 10 Aparecida de Goi\u00e2nia<\/option><option value=\"Hotel 10 Balsas\">Hotel 10 Balsas<\/option><option value=\"Hotel 10 Blumenau\">Hotel 10 Blumenau<\/option><option value=\"Hotel 10 Curitiba\">Hotel 10 Curitiba<\/option><option value=\"Hotel 10 Itaja\u00ed\">Hotel 10 Itaja\u00ed<\/option><option value=\"Hotel 10 Joinville\">Hotel 10 Joinville<\/option><option value=\"Hotel 10 Palmas\">Hotel 10 Palmas<\/option><option value=\"Hotel 10 Ponta Grossa\">Hotel 10 Ponta Grossa<\/option><option value=\"Hotel 10 S\u00e3o Leopoldo\">Hotel 10 S\u00e3o Leopoldo<\/option><option value=\"Hotel 10 Uni\u00e3o da Vit\u00f3ria\">Hotel 10 Uni\u00e3o da Vit\u00f3ria<\/option><option value=\"Seja um franqueado\">Seja um franqueado<\/option><\/select><\/span><\/div>\n<div class=\"input-field\"><span class=\"wpcf7-form-control-wrap\" data-name=\"your-name\"><input size=\"40\" maxlength=\"400\" class=\"wpcf7-form-control wpcf7-text wpcf7-validates-as-required class-your-name\" id=\"id-your-name\" aria-required=\"true\" aria-invalid=\"false\" value=\"\" type=\"text\" name=\"your-name\" \/><\/span><label for=\"id-your-name\">Nombre <\/label><\/div>\n<div class=\"input-field\"><span class=\"wpcf7-form-control-wrap\" data-name=\"your-email\"><input size=\"40\" maxlength=\"400\" class=\"wpcf7-form-control wpcf7-email wpcf7-validates-as-required wpcf7-text wpcf7-validates-as-email class-your-email\" id=\"id-your-email\" aria-required=\"true\" aria-invalid=\"false\" value=\"\" type=\"email\" name=\"your-email\" \/><\/span><label for=\"id-your-email\">E-mail<\/label><\/div>\n<div class=\"input-field\"><span class=\"wpcf7-form-control-wrap\" data-name=\"your-phone\"><input size=\"40\" maxlength=\"400\" class=\"wpcf7-form-control wpcf7-text wpcf7-validates-as-required class-your-phone\" id=\"id-your-phone\" aria-required=\"true\" aria-invalid=\"false\" value=\"\" type=\"text\" name=\"your-phone\" \/><\/span><label for=\"id-your-phone\">Tel\u00e9fono<\/label><\/div>\n<div class=\"nm clearfix\"><div class=\"col-md-4 np fix-p-m\"><div class=\"input-field\"><span class=\"wpcf7-form-control-wrap\" data-name=\"your-state\"><input size=\"40\" maxlength=\"400\" class=\"wpcf7-form-control wpcf7-text wpcf7-validates-as-required class-your-state\" id=\"id-your-state\" aria-required=\"true\" aria-invalid=\"false\" value=\"\" type=\"text\" name=\"your-state\" \/><\/span><label for=\"id-your-state\">Estado<\/label><\/div><\/div><div class=\"col-md-8 np\"><div class=\"input-field \" style=\"\"><span class=\"wpcf7-form-control-wrap\" data-name=\"your-city\"><input size=\"40\" maxlength=\"400\" class=\"wpcf7-form-control wpcf7-text wpcf7-validates-as-required class-your-city\" id=\"id-your-city\" aria-required=\"true\" aria-invalid=\"false\" value=\"\" type=\"text\" name=\"your-city\" \/><\/span><label for=\"id-your-city\">Ciudad <\/label><\/div><\/div><\/div>\n<div class=\"input-field\"><span class=\"wpcf7-form-control-wrap\" data-name=\"your-message\"><textarea cols=\"40\" rows=\"10\" maxlength=\"2000\" class=\"wpcf7-form-control wpcf7-textarea wpcf7-validates-as-required class-your-message\" id=\"id-your-message\" aria-required=\"true\" aria-invalid=\"false\" name=\"your-message\"><\/textarea><\/span><label for=\"id-your-message \">Mensaje <\/label><\/div>\n<div class=\"clearfix\"><div class=\"col-md-4\" style=\"text-align: left;margin-top: -6px;\"><\/div><div style=\"margin-top:20px;text-align:right;\" class=\"h10-bt1-i\"><input class=\"wpcf7-form-control wpcf7-submit has-spinner\" type=\"submit\" value=\"ENVIAR\" \/><\/div><\/div><div class=\"wpcf7-response-output\" aria-hidden=\"true\"><\/div>\n<\/form>\n<\/div>\n\t\t\t\t\t\t\t\t<\/div>\n\t\t\t\t\t<\/div>\n\t\t<\/div>\n\t\t\t\t<div class=\"elementor-column elementor-col-33 elementor-top-column elementor-element elementor-element-94b5f69\" data-id=\"94b5f69\" data-element_type=\"column\" data-e-type=\"column\">\n\t\t\t<div class=\"elementor-widget-wrap elementor-element-populated\">\n\t\t\t\t\t\t<div class=\"elementor-element elementor-element-6f27502 elementor-widget elementor-widget-image\" data-id=\"6f27502\" data-element_type=\"widget\" data-e-type=\"widget\" data-widget_type=\"image.default\">\n\t\t\t\t\t\t\t\t\t\t\t\t\t\t\t<img fetchpriority=\"high\" decoding=\"async\" width=\"361\" height=\"165\" src=\"https:\/\/www.hotel10.com.br\/wp-content\/uploads\/2019\/08\/m\u00e3o-apertando-uma-campainha-de-recep\u00e7\u00e3o-do-Hotel-10.png\" class=\"attachment-large size-large wp-image-425\" alt=\"\" srcset=\"https:\/\/www.hotel10.com.br\/wp-content\/uploads\/2019\/08\/m\u00e3o-apertando-uma-campainha-de-recep\u00e7\u00e3o-do-Hotel-10.png 361w, https:\/\/www.hotel10.com.br\/wp-content\/uploads\/2019\/08\/m\u00e3o-apertando-uma-campainha-de-recep\u00e7\u00e3o-do-Hotel-10-300x137.png 300w, https:\/\/www.hotel10.com.br\/wp-content\/uploads\/2019\/08\/m\u00e3o-apertando-uma-campainha-de-recep\u00e7\u00e3o-do-Hotel-10-219x100.png 219w, https:\/\/www.hotel10.com.br\/wp-content\/uploads\/2019\/08\/m\u00e3o-apertando-uma-campainha-de-recep\u00e7\u00e3o-do-Hotel-10-175x80.png 175w\" sizes=\"(max-width: 361px) 100vw, 361px\" \/>\t\t\t\t\t\t\t\t\t\t\t\t\t\t\t<\/div>\n\t\t\t\t<div class=\"elementor-element elementor-element-336aa77 th-btn-align-left elementor-widget elementor-widget-themo-button\" data-id=\"336aa77\" data-element_type=\"widget\" data-e-type=\"widget\" data-widget_type=\"themo-button.default\">\n\t\t\t\t<div class=\"elementor-widget-container\">\n\t\t\t\t\t\n                \t\t\t<a class=\"btn-1 btn th-btn btn-standard-light\" href=\"\/hoteis\/es\/dudas-frecuentes\/\">\n\t\t\t\t\t\t\t\t\tDudas frecuentes\t\t\t\t\t\t\t<\/a>\n\t\t\n        \n\t\t\t\t\t\t<\/div>\n\t\t\t\t<\/div>\n\t\t\t\t\t<\/div>\n\t\t<\/div>\n\t\t\t\t\t<\/div>\n\t\t<\/section>\n\t\t\t\t<\/div>\n\t\t","protected":false},"excerpt":{"rendered":"<p>Hable con nosotros Red Hotel 10 siempre est\u00e1 disponible para responder todas sus preguntas, escuchar cr\u00edticas y recibir sugerencias. Cuenta con nosotros Dudas frecuentes<\/p>\n","protected":false},"author":1,"featured_media":0,"parent":0,"menu_order":9,"comment_status":"closed","ping_status":"closed","template":"elementor_canvas","meta":{"_acf_changed":false,"footnotes":""},"class_list":["post-2004","page","type-page","status-publish","hentry"],"acf":[],"yoast_head":"<!-- This site is optimized with the Yoast SEO plugin v27.4 - https:\/\/yoast.com\/product\/yoast-seo-wordpress\/ -->\n<title>Hable con nosotros &#187; Hotel 10<\/title>\n<meta name=\"robots\" content=\"index, follow, max-snippet:-1, max-image-preview:large, max-video-preview:-1\" \/>\n<link rel=\"canonical\" href=\"https:\/\/www.hotel10.com.br\/es\/hable-con-nosotros\/\" \/>\n<meta property=\"og:locale\" content=\"es_ES\" \/>\n<meta property=\"og:type\" content=\"article\" \/>\n<meta property=\"og:title\" content=\"Hable con nosotros &#187; Hotel 10\" \/>\n<meta property=\"og:description\" content=\"Hable con nosotros Red Hotel 10 siempre est\u00e1 disponible para responder todas sus preguntas, escuchar cr\u00edticas y recibir sugerencias. Cuenta con nosotros Dudas frecuentes\" \/>\n<meta property=\"og:url\" content=\"https:\/\/www.hotel10.com.br\/es\/hable-con-nosotros\/\" \/>\n<meta property=\"og:site_name\" content=\"Hotel 10\" \/>\n<meta property=\"article:modified_time\" content=\"2019-11-19T11:26:07+00:00\" \/>\n<meta name=\"twitter:card\" content=\"summary_large_image\" \/>\n<script type=\"application\/ld+json\" class=\"yoast-schema-graph\">{\"@context\":\"https:\\\/\\\/schema.org\",\"@graph\":[{\"@type\":\"WebPage\",\"@id\":\"https:\\\/\\\/www.hotel10.com.br\\\/es\\\/hable-con-nosotros\\\/\",\"url\":\"https:\\\/\\\/www.hotel10.com.br\\\/es\\\/hable-con-nosotros\\\/\",\"name\":\"Hable con nosotros &#187; Hotel 10\",\"isPartOf\":{\"@id\":\"https:\\\/\\\/www.hotel10.com.br\\\/es\\\/#website\"},\"datePublished\":\"2019-08-21T18:10:46+00:00\",\"dateModified\":\"2019-11-19T11:26:07+00:00\",\"breadcrumb\":{\"@id\":\"https:\\\/\\\/www.hotel10.com.br\\\/es\\\/hable-con-nosotros\\\/#breadcrumb\"},\"inLanguage\":\"es\",\"potentialAction\":[{\"@type\":\"ReadAction\",\"target\":[\"https:\\\/\\\/www.hotel10.com.br\\\/es\\\/hable-con-nosotros\\\/\"]}]},{\"@type\":\"BreadcrumbList\",\"@id\":\"https:\\\/\\\/www.hotel10.com.br\\\/es\\\/hable-con-nosotros\\\/#breadcrumb\",\"itemListElement\":[{\"@type\":\"ListItem\",\"position\":1,\"name\":\"In\u00edcio\",\"item\":\"https:\\\/\\\/www.hotel10.com.br\\\/\"},{\"@type\":\"ListItem\",\"position\":2,\"name\":\"Hable con nosotros\"}]},{\"@type\":\"WebSite\",\"@id\":\"https:\\\/\\\/www.hotel10.com.br\\\/es\\\/#website\",\"url\":\"https:\\\/\\\/www.hotel10.com.br\\\/es\\\/\",\"name\":\"Hotel 10\",\"description\":\"Rede de Hoteis - Hotel 10\",\"publisher\":{\"@id\":\"https:\\\/\\\/www.hotel10.com.br\\\/es\\\/#organization\"},\"potentialAction\":[{\"@type\":\"SearchAction\",\"target\":{\"@type\":\"EntryPoint\",\"urlTemplate\":\"https:\\\/\\\/www.hotel10.com.br\\\/es\\\/?s={search_term_string}\"},\"query-input\":{\"@type\":\"PropertyValueSpecification\",\"valueRequired\":true,\"valueName\":\"search_term_string\"}}],\"inLanguage\":\"es\"},{\"@type\":\"Organization\",\"@id\":\"https:\\\/\\\/www.hotel10.com.br\\\/es\\\/#organization\",\"name\":\"Hotel 10\",\"url\":\"https:\\\/\\\/www.hotel10.com.br\\\/es\\\/\",\"logo\":{\"@type\":\"ImageObject\",\"inLanguage\":\"es\",\"@id\":\"https:\\\/\\\/www.hotel10.com.br\\\/es\\\/#\\\/schema\\\/logo\\\/image\\\/\",\"url\":\"https:\\\/\\\/www.hotel10.com.br\\\/hoteis\\\/wp-content\\\/uploads\\\/2019\\\/08\\\/hotel-10-redes-de-hoteis-de-qualidade-em-todo-o-brasil.png\",\"contentUrl\":\"https:\\\/\\\/www.hotel10.com.br\\\/hoteis\\\/wp-content\\\/uploads\\\/2019\\\/08\\\/hotel-10-redes-de-hoteis-de-qualidade-em-todo-o-brasil.png\",\"width\":800,\"height\":800,\"caption\":\"Hotel 10\"},\"image\":{\"@id\":\"https:\\\/\\\/www.hotel10.com.br\\\/es\\\/#\\\/schema\\\/logo\\\/image\\\/\"}}]}<\/script>\n<!-- \/ Yoast SEO plugin. -->","yoast_head_json":{"title":"Hable con nosotros &#187; Hotel 10","robots":{"index":"index","follow":"follow","max-snippet":"max-snippet:-1","max-image-preview":"max-image-preview:large","max-video-preview":"max-video-preview:-1"},"canonical":"https:\/\/www.hotel10.com.br\/es\/hable-con-nosotros\/","og_locale":"es_ES","og_type":"article","og_title":"Hable con nosotros &#187; Hotel 10","og_description":"Hable con nosotros Red Hotel 10 siempre est\u00e1 disponible para responder todas sus preguntas, escuchar cr\u00edticas y recibir sugerencias. Cuenta con nosotros Dudas frecuentes","og_url":"https:\/\/www.hotel10.com.br\/es\/hable-con-nosotros\/","og_site_name":"Hotel 10","article_modified_time":"2019-11-19T11:26:07+00:00","twitter_card":"summary_large_image","schema":{"@context":"https:\/\/schema.org","@graph":[{"@type":"WebPage","@id":"https:\/\/www.hotel10.com.br\/es\/hable-con-nosotros\/","url":"https:\/\/www.hotel10.com.br\/es\/hable-con-nosotros\/","name":"Hable con nosotros &#187; Hotel 10","isPartOf":{"@id":"https:\/\/www.hotel10.com.br\/es\/#website"},"datePublished":"2019-08-21T18:10:46+00:00","dateModified":"2019-11-19T11:26:07+00:00","breadcrumb":{"@id":"https:\/\/www.hotel10.com.br\/es\/hable-con-nosotros\/#breadcrumb"},"inLanguage":"es","potentialAction":[{"@type":"ReadAction","target":["https:\/\/www.hotel10.com.br\/es\/hable-con-nosotros\/"]}]},{"@type":"BreadcrumbList","@id":"https:\/\/www.hotel10.com.br\/es\/hable-con-nosotros\/#breadcrumb","itemListElement":[{"@type":"ListItem","position":1,"name":"In\u00edcio","item":"https:\/\/www.hotel10.com.br\/"},{"@type":"ListItem","position":2,"name":"Hable con nosotros"}]},{"@type":"WebSite","@id":"https:\/\/www.hotel10.com.br\/es\/#website","url":"https:\/\/www.hotel10.com.br\/es\/","name":"Hotel 10","description":"Rede de Hoteis - Hotel 10","publisher":{"@id":"https:\/\/www.hotel10.com.br\/es\/#organization"},"potentialAction":[{"@type":"SearchAction","target":{"@type":"EntryPoint","urlTemplate":"https:\/\/www.hotel10.com.br\/es\/?s={search_term_string}"},"query-input":{"@type":"PropertyValueSpecification","valueRequired":true,"valueName":"search_term_string"}}],"inLanguage":"es"},{"@type":"Organization","@id":"https:\/\/www.hotel10.com.br\/es\/#organization","name":"Hotel 10","url":"https:\/\/www.hotel10.com.br\/es\/","logo":{"@type":"ImageObject","inLanguage":"es","@id":"https:\/\/www.hotel10.com.br\/es\/#\/schema\/logo\/image\/","url":"https:\/\/www.hotel10.com.br\/hoteis\/wp-content\/uploads\/2019\/08\/hotel-10-redes-de-hoteis-de-qualidade-em-todo-o-brasil.png","contentUrl":"https:\/\/www.hotel10.com.br\/hoteis\/wp-content\/uploads\/2019\/08\/hotel-10-redes-de-hoteis-de-qualidade-em-todo-o-brasil.png","width":800,"height":800,"caption":"Hotel 10"},"image":{"@id":"https:\/\/www.hotel10.com.br\/es\/#\/schema\/logo\/image\/"}}]}},"_links":{"self":[{"href":"https:\/\/www.hotel10.com.br\/es\/wp-json\/wp\/v2\/pages\/2004","targetHints":{"allow":["GET"]}}],"collection":[{"href":"https:\/\/www.hotel10.com.br\/es\/wp-json\/wp\/v2\/pages"}],"about":[{"href":"https:\/\/www.hotel10.com.br\/es\/wp-json\/wp\/v2\/types\/page"}],"author":[{"embeddable":true,"href":"https:\/\/www.hotel10.com.br\/es\/wp-json\/wp\/v2\/users\/1"}],"replies":[{"embeddable":true,"href":"https:\/\/www.hotel10.com.br\/es\/wp-json\/wp\/v2\/comments?post=2004"}],"version-history":[{"count":0,"href":"https:\/\/www.hotel10.com.br\/es\/wp-json\/wp\/v2\/pages\/2004\/revisions"}],"wp:attachment":[{"href":"https:\/\/www.hotel10.com.br\/es\/wp-json\/wp\/v2\/media?parent=2004"}],"curies":[{"name":"wp","href":"https:\/\/api.w.org\/{rel}","templated":true}]}}