{"id":1998,"date":"2019-08-21T15:06:51","date_gmt":"2019-08-21T18:06:51","guid":{"rendered":"https:\/\/www.hotel10.com.br\/pie-de-pagina\/"},"modified":"2019-11-19T08:27:16","modified_gmt":"2019-11-19T11:27:16","slug":"pie-de-pagina","status":"publish","type":"page","link":"https:\/\/www.hotel10.com.br\/es\/pie-de-pagina\/","title":{"rendered":"Pie de p\u00e1gina"},"content":{"rendered":"\t\t<div data-elementor-type=\"wp-post\" data-elementor-id=\"1998\" class=\"elementor elementor-1998 elementor-355\">\n\t\t\t\t\t\t<section class=\"elementor-section elementor-top-section elementor-element elementor-element-7304fc5 center-mobile elementor-section-full_width elementor-section-height-default elementor-section-height-default wpr-particle-no wpr-jarallax-no wpr-parallax-no wpr-sticky-section-no\" data-id=\"7304fc5\" data-element_type=\"section\" data-e-type=\"section\">\n\t\t\t\t\t\t<div class=\"elementor-container elementor-column-gap-no\">\n\t\t\t\t\t<div class=\"elementor-column elementor-col-16 elementor-top-column elementor-element elementor-element-b1e5994\" data-id=\"b1e5994\" data-element_type=\"column\" data-e-type=\"column\">\n\t\t\t<div class=\"elementor-widget-wrap elementor-element-populated\">\n\t\t\t\t\t\t<div class=\"elementor-element elementor-element-dd630e9 elementor-widget elementor-widget-image\" data-id=\"dd630e9\" data-element_type=\"widget\" data-e-type=\"widget\" data-widget_type=\"image.default\">\n\t\t\t\t\t\t\t\t\t\t\t\t\t\t\t<img decoding=\"async\" src=\"https:\/\/www.hotel10.com.br\/wp-content\/uploads\/elementor\/thumbs\/rede-de-hoteis-hotel-10-logotipo-1-ppds46myymj1oe6z8fv3pqlspqb3pqwildje3t5de4.png\" title=\"rede-de-hoteis-hotel-10-logotipo\" alt=\"rede-de-hoteis-hotel-10-logotipo\" loading=\"lazy\" \/>\t\t\t\t\t\t\t\t\t\t\t\t\t\t\t<\/div>\n\t\t\t\t\t<\/div>\n\t\t<\/div>\n\t\t\t\t<div class=\"elementor-column elementor-col-16 elementor-top-column elementor-element elementor-element-b9bfdf8\" data-id=\"b9bfdf8\" data-element_type=\"column\" data-e-type=\"column\">\n\t\t\t<div class=\"elementor-widget-wrap elementor-element-populated\">\n\t\t\t\t\t\t<div class=\"elementor-element elementor-element-037a05e elementor-widget elementor-widget-text-editor\" data-id=\"037a05e\" data-element_type=\"widget\" data-e-type=\"widget\" data-widget_type=\"text-editor.default\">\n\t\t\t\t\t\t\t\t\t<ul><li><a href=\"https:\/\/www.hotel10.com.br\/es\/red-hotel-10\/\">Red Hotel 10<\/a><\/li><li><a href=\"https:\/\/www.hotel10.com.br\/es\/nuestros-hoteles\/\">Nuestros hoteles<\/a><\/li><li><a href=\"https:\/\/www.hotel10.com.br\/es\/sea-un-inversor\/\">Sea un inversor<\/a><\/li><\/ul>\t\t\t\t\t\t\t\t<\/div>\n\t\t\t\t\t<\/div>\n\t\t<\/div>\n\t\t\t\t<div class=\"elementor-column elementor-col-16 elementor-top-column elementor-element elementor-element-d62589b\" data-id=\"d62589b\" data-element_type=\"column\" data-e-type=\"column\">\n\t\t\t<div class=\"elementor-widget-wrap elementor-element-populated\">\n\t\t\t\t\t\t<div class=\"elementor-element elementor-element-9748ef8 elementor-widget elementor-widget-text-editor\" data-id=\"9748ef8\" data-element_type=\"widget\" data-e-type=\"widget\" data-widget_type=\"text-editor.default\">\n\t\t\t\t\t\t\t\t\t<ul><li><a href=\"https:\/\/www.hotel10.com.br\/es\/ofertas\/\">Ofertas<\/a><\/li><li><a href=\"\/hoteis\/todos-os-eventos\/\">Eventos<\/a><\/li><li><a href=\"\/hoteis\/es\/politica-de-ventas\/\">Pol\u00edtica de ventas<\/a><\/li><li><a href=\"\/hoteis\/es\/politica-de-ventas\/?page_id=3#politica_de_privacidad\">Pol\u00edtica de privacidad<\/a><\/li><\/ul>\t\t\t\t\t\t\t\t<\/div>\n\t\t\t\t\t<\/div>\n\t\t<\/div>\n\t\t\t\t<div class=\"elementor-column elementor-col-16 elementor-top-column elementor-element elementor-element-ac98618\" data-id=\"ac98618\" data-element_type=\"column\" data-e-type=\"column\">\n\t\t\t<div class=\"elementor-widget-wrap elementor-element-populated\">\n\t\t\t\t\t\t<div class=\"elementor-element elementor-element-3310c0b elementor-widget elementor-widget-text-editor\" data-id=\"3310c0b\" data-element_type=\"widget\" data-e-type=\"widget\" data-widget_type=\"text-editor.default\">\n\t\t\t\t\t\t\t\t\t<ul><li><a href=\"\/hoteis\/es\/dudas-frecuentes\/\">Dudas frecuentes<\/a><\/li><li><a href=\"\/hoteis\/es\/hable-con-nosotros\/\">Hable con nosotros<\/a><\/li><\/ul>\t\t\t\t\t\t\t\t<\/div>\n\t\t\t\t\t<\/div>\n\t\t<\/div>\n\t\t\t\t<div class=\"elementor-column elementor-col-16 elementor-top-column elementor-element elementor-element-bf58818\" data-id=\"bf58818\" data-element_type=\"column\" data-e-type=\"column\">\n\t\t\t<div class=\"elementor-widget-wrap elementor-element-populated\">\n\t\t\t\t\t\t<div class=\"elementor-element elementor-element-72756d9 elementor-widget elementor-widget-image\" data-id=\"72756d9\" data-element_type=\"widget\" data-e-type=\"widget\" data-widget_type=\"image.default\">\n\t\t\t\t\t\t\t\t\t\t\t\t\t\t\t<img decoding=\"async\" width=\"68\" height=\"68\" src=\"https:\/\/www.hotel10.com.br\/wp-content\/uploads\/2019\/08\/trip-advisor.png\" class=\"attachment-large size-large wp-image-357\" alt=\"\" \/>\t\t\t\t\t\t\t\t\t\t\t\t\t\t\t<\/div>\n\t\t\t\t\t<\/div>\n\t\t<\/div>\n\t\t\t\t<div class=\"elementor-column elementor-col-16 elementor-top-column elementor-element elementor-element-e256dde\" data-id=\"e256dde\" data-element_type=\"column\" data-e-type=\"column\">\n\t\t\t<div class=\"elementor-widget-wrap\">\n\t\t\t\t\t\t\t<\/div>\n\t\t<\/div>\n\t\t\t\t\t<\/div>\n\t\t<\/section>\n\t\t\t\t<section class=\"elementor-section elementor-top-section elementor-element elementor-element-ddfc56e elementor-section-full_width elementor-section-height-default elementor-section-height-default wpr-particle-no wpr-jarallax-no wpr-parallax-no wpr-sticky-section-no\" data-id=\"ddfc56e\" data-element_type=\"section\" data-e-type=\"section\">\n\t\t\t\t\t\t<div class=\"elementor-container elementor-column-gap-no\">\n\t\t\t\t\t<div class=\"elementor-column elementor-col-100 elementor-top-column elementor-element elementor-element-e7a64cd\" data-id=\"e7a64cd\" data-element_type=\"column\" data-e-type=\"column\">\n\t\t\t<div class=\"elementor-widget-wrap elementor-element-populated\">\n\t\t\t\t\t\t<div class=\"elementor-element elementor-element-e95d51a elementor-widget elementor-widget-text-editor\" data-id=\"e95d51a\" data-element_type=\"widget\" data-e-type=\"widget\" data-widget_type=\"text-editor.default\">\n\t\t\t\t\t\t\t\t\t<div class=\"menu-rodape-col\">\n    <button class=\"btn navegue\" type=\"button\" data-toggle=\"collapse\" data-target=\"#menucorodape\" aria-expanded=\"false\" aria-controls=\"menucorodape\">\n        Ir&#8230;    <\/button>\n\n    <div class=\"collapse elementor-text-editor\" id=\"menucorodape\">\n        <ul class=\"novomenu\" id=\"novomenurodape\">\n        <\/ul>\n    <\/div>\n<\/div>\t\t\t\t\t\t\t\t<\/div>\n\t\t\t\t\t<\/div>\n\t\t<\/div>\n\t\t\t\t\t<\/div>\n\t\t<\/section>\n\t\t\t\t<\/div>\n\t\t","protected":false},"excerpt":{"rendered":"<p>Red Hotel 10 Nuestros hoteles Sea un inversor Ofertas Eventos Pol\u00edtica de ventas Pol\u00edtica de privacidad Dudas frecuentes Hable con nosotros<\/p>\n","protected":false},"author":1,"featured_media":0,"parent":0,"menu_order":24,"comment_status":"closed","ping_status":"closed","template":"","meta":{"_acf_changed":false,"footnotes":""},"class_list":["post-1998","page","type-page","status-publish","hentry"],"acf":[],"yoast_head":"<!-- This site is optimized with the Yoast SEO plugin v27.5 - https:\/\/yoast.com\/product\/yoast-seo-wordpress\/ -->\n<title>Pie de p\u00e1gina &#187; Hotel 10<\/title>\n<meta name=\"robots\" content=\"index, follow, max-snippet:-1, max-image-preview:large, max-video-preview:-1\" \/>\n<link rel=\"canonical\" href=\"https:\/\/www.hotel10.com.br\/es\/pie-de-pagina\/\" \/>\n<meta property=\"og:locale\" content=\"es_ES\" \/>\n<meta property=\"og:type\" content=\"article\" \/>\n<meta property=\"og:title\" content=\"Pie de p\u00e1gina &#187; Hotel 10\" \/>\n<meta property=\"og:description\" content=\"Red Hotel 10 Nuestros hoteles Sea un inversor Ofertas Eventos Pol\u00edtica de ventas Pol\u00edtica de privacidad Dudas frecuentes Hable con nosotros\" \/>\n<meta property=\"og:url\" content=\"https:\/\/www.hotel10.com.br\/es\/pie-de-pagina\/\" \/>\n<meta property=\"og:site_name\" content=\"Hotel 10\" \/>\n<meta property=\"article:modified_time\" content=\"2019-11-19T11:27:16+00:00\" \/>\n<meta property=\"og:image\" content=\"https:\/\/www.hotel10.com.br\/wp-content\/uploads\/elementor\/thumbs\/rede-de-hoteis-hotel-10-logotipo-1-obuirm7r7ylsq6iuoryfwxcqqqjvwxyxvtkmmqxez0.png\" \/>\n<meta name=\"twitter:card\" content=\"summary_large_image\" \/>\n<script type=\"application\/ld+json\" class=\"yoast-schema-graph\">{\"@context\":\"https:\\\/\\\/schema.org\",\"@graph\":[{\"@type\":\"WebPage\",\"@id\":\"https:\\\/\\\/www.hotel10.com.br\\\/es\\\/pie-de-pagina\\\/\",\"url\":\"https:\\\/\\\/www.hotel10.com.br\\\/es\\\/pie-de-pagina\\\/\",\"name\":\"Pie de p\u00e1gina &#187; Hotel 10\",\"isPartOf\":{\"@id\":\"https:\\\/\\\/www.hotel10.com.br\\\/es\\\/#website\"},\"primaryImageOfPage\":{\"@id\":\"https:\\\/\\\/www.hotel10.com.br\\\/es\\\/pie-de-pagina\\\/#primaryimage\"},\"image\":{\"@id\":\"https:\\\/\\\/www.hotel10.com.br\\\/es\\\/pie-de-pagina\\\/#primaryimage\"},\"thumbnailUrl\":\"https:\\\/\\\/www.hotel10.com.br\\\/wp-content\\\/uploads\\\/elementor\\\/thumbs\\\/rede-de-hoteis-hotel-10-logotipo-1-obuirm7r7ylsq6iuoryfwxcqqqjvwxyxvtkmmqxez0.png\",\"datePublished\":\"2019-08-21T18:06:51+00:00\",\"dateModified\":\"2019-11-19T11:27:16+00:00\",\"breadcrumb\":{\"@id\":\"https:\\\/\\\/www.hotel10.com.br\\\/es\\\/pie-de-pagina\\\/#breadcrumb\"},\"inLanguage\":\"es\",\"potentialAction\":[{\"@type\":\"ReadAction\",\"target\":[\"https:\\\/\\\/www.hotel10.com.br\\\/es\\\/pie-de-pagina\\\/\"]}]},{\"@type\":\"ImageObject\",\"inLanguage\":\"es\",\"@id\":\"https:\\\/\\\/www.hotel10.com.br\\\/es\\\/pie-de-pagina\\\/#primaryimage\",\"url\":\"https:\\\/\\\/www.hotel10.com.br\\\/wp-content\\\/uploads\\\/elementor\\\/thumbs\\\/rede-de-hoteis-hotel-10-logotipo-1-obuirm7r7ylsq6iuoryfwxcqqqjvwxyxvtkmmqxez0.png\",\"contentUrl\":\"https:\\\/\\\/www.hotel10.com.br\\\/wp-content\\\/uploads\\\/elementor\\\/thumbs\\\/rede-de-hoteis-hotel-10-logotipo-1-obuirm7r7ylsq6iuoryfwxcqqqjvwxyxvtkmmqxez0.png\"},{\"@type\":\"BreadcrumbList\",\"@id\":\"https:\\\/\\\/www.hotel10.com.br\\\/es\\\/pie-de-pagina\\\/#breadcrumb\",\"itemListElement\":[{\"@type\":\"ListItem\",\"position\":1,\"name\":\"In\u00edcio\",\"item\":\"https:\\\/\\\/www.hotel10.com.br\\\/\"},{\"@type\":\"ListItem\",\"position\":2,\"name\":\"Pie de p\u00e1gina\"}]},{\"@type\":\"WebSite\",\"@id\":\"https:\\\/\\\/www.hotel10.com.br\\\/es\\\/#website\",\"url\":\"https:\\\/\\\/www.hotel10.com.br\\\/es\\\/\",\"name\":\"Hotel 10\",\"description\":\"Rede de Hoteis - Hotel 10\",\"publisher\":{\"@id\":\"https:\\\/\\\/www.hotel10.com.br\\\/es\\\/#organization\"},\"potentialAction\":[{\"@type\":\"SearchAction\",\"target\":{\"@type\":\"EntryPoint\",\"urlTemplate\":\"https:\\\/\\\/www.hotel10.com.br\\\/es\\\/?s={search_term_string}\"},\"query-input\":{\"@type\":\"PropertyValueSpecification\",\"valueRequired\":true,\"valueName\":\"search_term_string\"}}],\"inLanguage\":\"es\"},{\"@type\":\"Organization\",\"@id\":\"https:\\\/\\\/www.hotel10.com.br\\\/es\\\/#organization\",\"name\":\"Hotel 10\",\"url\":\"https:\\\/\\\/www.hotel10.com.br\\\/es\\\/\",\"logo\":{\"@type\":\"ImageObject\",\"inLanguage\":\"es\",\"@id\":\"https:\\\/\\\/www.hotel10.com.br\\\/es\\\/#\\\/schema\\\/logo\\\/image\\\/\",\"url\":\"https:\\\/\\\/www.hotel10.com.br\\\/hoteis\\\/wp-content\\\/uploads\\\/2019\\\/08\\\/hotel-10-redes-de-hoteis-de-qualidade-em-todo-o-brasil.png\",\"contentUrl\":\"https:\\\/\\\/www.hotel10.com.br\\\/hoteis\\\/wp-content\\\/uploads\\\/2019\\\/08\\\/hotel-10-redes-de-hoteis-de-qualidade-em-todo-o-brasil.png\",\"width\":800,\"height\":800,\"caption\":\"Hotel 10\"},\"image\":{\"@id\":\"https:\\\/\\\/www.hotel10.com.br\\\/es\\\/#\\\/schema\\\/logo\\\/image\\\/\"}}]}<\/script>\n<!-- \/ Yoast SEO plugin. -->","yoast_head_json":{"title":"Pie de p\u00e1gina &#187; Hotel 10","robots":{"index":"index","follow":"follow","max-snippet":"max-snippet:-1","max-image-preview":"max-image-preview:large","max-video-preview":"max-video-preview:-1"},"canonical":"https:\/\/www.hotel10.com.br\/es\/pie-de-pagina\/","og_locale":"es_ES","og_type":"article","og_title":"Pie de p\u00e1gina &#187; Hotel 10","og_description":"Red Hotel 10 Nuestros hoteles Sea un inversor Ofertas Eventos Pol\u00edtica de ventas Pol\u00edtica de privacidad Dudas frecuentes Hable con nosotros","og_url":"https:\/\/www.hotel10.com.br\/es\/pie-de-pagina\/","og_site_name":"Hotel 10","article_modified_time":"2019-11-19T11:27:16+00:00","og_image":[{"url":"https:\/\/www.hotel10.com.br\/wp-content\/uploads\/elementor\/thumbs\/rede-de-hoteis-hotel-10-logotipo-1-obuirm7r7ylsq6iuoryfwxcqqqjvwxyxvtkmmqxez0.png","type":"","width":"","height":""}],"twitter_card":"summary_large_image","schema":{"@context":"https:\/\/schema.org","@graph":[{"@type":"WebPage","@id":"https:\/\/www.hotel10.com.br\/es\/pie-de-pagina\/","url":"https:\/\/www.hotel10.com.br\/es\/pie-de-pagina\/","name":"Pie de p\u00e1gina &#187; Hotel 10","isPartOf":{"@id":"https:\/\/www.hotel10.com.br\/es\/#website"},"primaryImageOfPage":{"@id":"https:\/\/www.hotel10.com.br\/es\/pie-de-pagina\/#primaryimage"},"image":{"@id":"https:\/\/www.hotel10.com.br\/es\/pie-de-pagina\/#primaryimage"},"thumbnailUrl":"https:\/\/www.hotel10.com.br\/wp-content\/uploads\/elementor\/thumbs\/rede-de-hoteis-hotel-10-logotipo-1-obuirm7r7ylsq6iuoryfwxcqqqjvwxyxvtkmmqxez0.png","datePublished":"2019-08-21T18:06:51+00:00","dateModified":"2019-11-19T11:27:16+00:00","breadcrumb":{"@id":"https:\/\/www.hotel10.com.br\/es\/pie-de-pagina\/#breadcrumb"},"inLanguage":"es","potentialAction":[{"@type":"ReadAction","target":["https:\/\/www.hotel10.com.br\/es\/pie-de-pagina\/"]}]},{"@type":"ImageObject","inLanguage":"es","@id":"https:\/\/www.hotel10.com.br\/es\/pie-de-pagina\/#primaryimage","url":"https:\/\/www.hotel10.com.br\/wp-content\/uploads\/elementor\/thumbs\/rede-de-hoteis-hotel-10-logotipo-1-obuirm7r7ylsq6iuoryfwxcqqqjvwxyxvtkmmqxez0.png","contentUrl":"https:\/\/www.hotel10.com.br\/wp-content\/uploads\/elementor\/thumbs\/rede-de-hoteis-hotel-10-logotipo-1-obuirm7r7ylsq6iuoryfwxcqqqjvwxyxvtkmmqxez0.png"},{"@type":"BreadcrumbList","@id":"https:\/\/www.hotel10.com.br\/es\/pie-de-pagina\/#breadcrumb","itemListElement":[{"@type":"ListItem","position":1,"name":"In\u00edcio","item":"https:\/\/www.hotel10.com.br\/"},{"@type":"ListItem","position":2,"name":"Pie de p\u00e1gina"}]},{"@type":"WebSite","@id":"https:\/\/www.hotel10.com.br\/es\/#website","url":"https:\/\/www.hotel10.com.br\/es\/","name":"Hotel 10","description":"Rede de Hoteis - Hotel 10","publisher":{"@id":"https:\/\/www.hotel10.com.br\/es\/#organization"},"potentialAction":[{"@type":"SearchAction","target":{"@type":"EntryPoint","urlTemplate":"https:\/\/www.hotel10.com.br\/es\/?s={search_term_string}"},"query-input":{"@type":"PropertyValueSpecification","valueRequired":true,"valueName":"search_term_string"}}],"inLanguage":"es"},{"@type":"Organization","@id":"https:\/\/www.hotel10.com.br\/es\/#organization","name":"Hotel 10","url":"https:\/\/www.hotel10.com.br\/es\/","logo":{"@type":"ImageObject","inLanguage":"es","@id":"https:\/\/www.hotel10.com.br\/es\/#\/schema\/logo\/image\/","url":"https:\/\/www.hotel10.com.br\/hoteis\/wp-content\/uploads\/2019\/08\/hotel-10-redes-de-hoteis-de-qualidade-em-todo-o-brasil.png","contentUrl":"https:\/\/www.hotel10.com.br\/hoteis\/wp-content\/uploads\/2019\/08\/hotel-10-redes-de-hoteis-de-qualidade-em-todo-o-brasil.png","width":800,"height":800,"caption":"Hotel 10"},"image":{"@id":"https:\/\/www.hotel10.com.br\/es\/#\/schema\/logo\/image\/"}}]}},"_links":{"self":[{"href":"https:\/\/www.hotel10.com.br\/es\/wp-json\/wp\/v2\/pages\/1998","targetHints":{"allow":["GET"]}}],"collection":[{"href":"https:\/\/www.hotel10.com.br\/es\/wp-json\/wp\/v2\/pages"}],"about":[{"href":"https:\/\/www.hotel10.com.br\/es\/wp-json\/wp\/v2\/types\/page"}],"author":[{"embeddable":true,"href":"https:\/\/www.hotel10.com.br\/es\/wp-json\/wp\/v2\/users\/1"}],"replies":[{"embeddable":true,"href":"https:\/\/www.hotel10.com.br\/es\/wp-json\/wp\/v2\/comments?post=1998"}],"version-history":[{"count":0,"href":"https:\/\/www.hotel10.com.br\/es\/wp-json\/wp\/v2\/pages\/1998\/revisions"}],"wp:attachment":[{"href":"https:\/\/www.hotel10.com.br\/es\/wp-json\/wp\/v2\/media?parent=1998"}],"curies":[{"name":"wp","href":"https:\/\/api.w.org\/{rel}","templated":true}]}}