{"id":2100,"date":"2019-08-22T10:58:51","date_gmt":"2019-08-22T13:58:51","guid":{"rendered":"https:\/\/www.hotel10.com.br\/frequently-asked-questions\/"},"modified":"2019-11-19T08:26:16","modified_gmt":"2019-11-19T11:26:16","slug":"frequently-asked-questions","status":"publish","type":"page","link":"https:\/\/www.hotel10.com.br\/en\/frequently-asked-questions\/","title":{"rendered":"Frequently asked questions"},"content":{"rendered":"\t\t<div data-elementor-type=\"wp-post\" data-elementor-id=\"2100\" class=\"elementor elementor-2100 elementor-691\">\n\t\t\t\t\t\t<section class=\"elementor-section elementor-top-section elementor-element elementor-element-6c0cf14 elementor-section-full_width h10-titulo-pg elementor-section-height-default elementor-section-height-default wpr-particle-no wpr-jarallax-no wpr-parallax-no wpr-sticky-section-no\" data-id=\"6c0cf14\" data-element_type=\"section\" data-e-type=\"section\" data-settings=\"{&quot;background_background&quot;:&quot;classic&quot;}\">\n\t\t\t\t\t\t<div class=\"elementor-container elementor-column-gap-default\">\n\t\t\t\t\t<div class=\"elementor-column elementor-col-100 elementor-top-column elementor-element elementor-element-3bcf59a\" data-id=\"3bcf59a\" data-element_type=\"column\" data-e-type=\"column\">\n\t\t\t<div class=\"elementor-widget-wrap elementor-element-populated\">\n\t\t\t\t\t\t<div class=\"elementor-element elementor-element-2828c4f titulo-pagina elementor-widget elementor-widget-heading\" data-id=\"2828c4f\" data-element_type=\"widget\" data-e-type=\"widget\" data-widget_type=\"heading.default\">\n\t\t\t\t\t<h1 class=\"elementor-heading-title elementor-size-large\">Frequently asked questions<\/h1>\t\t\t\t<\/div>\n\t\t\t\t\t<\/div>\n\t\t<\/div>\n\t\t\t\t\t<\/div>\n\t\t<\/section>\n\t\t\t\t<section class=\"elementor-section elementor-top-section elementor-element elementor-element-d5ed90d elementor-section-boxed elementor-section-height-default elementor-section-height-default wpr-particle-no wpr-jarallax-no wpr-parallax-no wpr-sticky-section-no\" data-id=\"d5ed90d\" data-element_type=\"section\" data-e-type=\"section\" data-settings=\"{&quot;background_background&quot;:&quot;classic&quot;}\">\n\t\t\t\t\t\t<div class=\"elementor-container elementor-column-gap-wider\">\n\t\t\t\t\t<div class=\"elementor-column elementor-col-66 elementor-top-column elementor-element elementor-element-1443ac9\" data-id=\"1443ac9\" data-element_type=\"column\" data-e-type=\"column\">\n\t\t\t<div class=\"elementor-widget-wrap elementor-element-populated\">\n\t\t\t\t\t\t<div class=\"elementor-element elementor-element-a7431ef elementor-widget elementor-widget-text-editor\" data-id=\"a7431ef\" data-element_type=\"widget\" data-e-type=\"widget\" data-widget_type=\"text-editor.default\">\n\t\t\t\t\t\t\t\t\t<div class=\"central accordion\" id=\"central_aco\">\n\n\t\t\t\n\t\t\t\t<div class=\"card\">\n\t\t\t\t\t<div id=\"h-idid69f09104821af\">\n\t\t\t\t\t\t<button class=\"btn btn-link \" data-toggle=\"collapse\" data-target=\"#idid69f09104821af\" aria-expanded=\"true\" aria-controls=\"idid69f09104821af\">\n\t\t\t\t\t\t\tWhat are the check-in and check-out times?\t\t\t\t\t\t<\/button>\n\t\t\t\t\t<\/div>\n\n\t\t\t\t\t<div id=\"idid69f09104821af\" class=\"collapse\" aria-labelledby=\"h-idid69f09104821af\" data-parent=\"#central_aco\">\n\t\t\t\t\t\t<div class=\"card-body\">\n\t\t\t\t\t\t\tAt the Hotel 10 Chain, it is established that check-in must be made by 12 noon on the reservation day and check-out by 11:00 a.m. Special cases of early check-in or late check-out should be consulted in the sales policy document or directly at hotel reception.\t\t\t\t\t\t\t<!-- <a href=\"https:\/\/www.hotel10.com.br\/en\/perguntas-e-repostas\/what-are-the-check-in-and-check-out-times\/\" style=\"font-size:xx-small;\">Ver isolado<\/a> -->\n\t\t\t\t\t\t<\/div>\n\t\t\t\t\t<\/div>\n\t\t\t\t<\/div>\n\n\n\t\t\n\t\t\t\t<div class=\"card\">\n\t\t\t\t\t<div id=\"h-idid69f0910482737\">\n\t\t\t\t\t\t<button class=\"btn btn-link collapsed\" data-toggle=\"collapse\" data-target=\"#idid69f0910482737\" aria-expanded=\"false\" aria-controls=\"idid69f0910482737\">\n\t\t\t\t\t\t\tWhat complementary services are offered?\t\t\t\t\t\t<\/button>\n\t\t\t\t\t<\/div>\n\n\t\t\t\t\t<div id=\"idid69f0910482737\" class=\"collapse\" aria-labelledby=\"h-idid69f0910482737\" data-parent=\"#central_aco\">\n\t\t\t\t\t\t<div class=\"card-body\">\n\t\t\t\t\t\t\tUnits at Hotel 10 offer parking, Wi-Fi and breakfast, served from 6:30 a.m. to 9:30 a.m., complimentary to guests. At Hotel 10, there are no surprises when it comes to the amount. The advertised amount is the amount charged.\t\t\t\t\t\t\t<!-- <a href=\"https:\/\/www.hotel10.com.br\/en\/perguntas-e-repostas\/what-complementary-services-are-offered\/\" style=\"font-size:xx-small;\">Ver isolado<\/a> -->\n\t\t\t\t\t\t<\/div>\n\t\t\t\t\t<\/div>\n\t\t\t\t<\/div>\n\n\n\t\t\n\t\t\t\t<div class=\"card\">\n\t\t\t\t\t<div id=\"h-idid69f0910482b8c\">\n\t\t\t\t\t\t<button class=\"btn btn-link collapsed\" data-toggle=\"collapse\" data-target=\"#idid69f0910482b8c\" aria-expanded=\"false\" aria-controls=\"idid69f0910482b8c\">\n\t\t\t\t\t\t\tHow does cancelling reservations work?\t\t\t\t\t\t<\/button>\n\t\t\t\t\t<\/div>\n\n\t\t\t\t\t<div id=\"idid69f0910482b8c\" class=\"collapse\" aria-labelledby=\"h-idid69f0910482b8c\" data-parent=\"#central_aco\">\n\t\t\t\t\t\t<div class=\"card-body\">\n\t\t\t\t\t\t\t<p>By making a reservation on the Hotel 10 website, you accept and agree to the no-show cancellation policy and any additional hotel terms and conditions that may apply to your reservation or stay, especially in respect to services rendered and\/or products offered.\u00a0 If you would like to review, adjust or cancel your reservation, please read the confirmation e-mail and follow the instructions to do so.<\/p><p>\u00a0<\/p><p>Please note that the hotel may charge the cancellation if stated in the cancellation and no-show conditions. If you cancel or change your reservation up to 24 hours prior to arrival (considering check-in time at 12 noon), the daily rate will be refunded and no fee will be charged. \u00a0 If you cancel late or in case of no show, 100% of the first night will be charged. If the customer does not contact us, the room will remain open for the period purchased and no refund will be made.<\/p><p>\u00a0<\/p><p>Cancelling or changing reservations can be done directly at the hotel, whose contact details are specified in the reservation confirmation sent by e-mail. In case of an interrupted stay, the total price agreed will be charged and no refund will be made. We recommend that you read the instructions and sales policy carefully before making your reservation.<\/p>\t\t\t\t\t\t\t<!-- <a href=\"https:\/\/www.hotel10.com.br\/en\/perguntas-e-repostas\/how-does-cancelling-reservations-work\/\" style=\"font-size:xx-small;\">Ver isolado<\/a> -->\n\t\t\t\t\t\t<\/div>\n\t\t\t\t\t<\/div>\n\t\t\t\t<\/div>\n\n\n\t\t\n\t\t\t\t<div class=\"card\">\n\t\t\t\t\t<div id=\"h-idid69f0910483063\">\n\t\t\t\t\t\t<button class=\"btn btn-link collapsed\" data-toggle=\"collapse\" data-target=\"#idid69f0910483063\" aria-expanded=\"false\" aria-controls=\"idid69f0910483063\">\n\t\t\t\t\t\t\tAm I required to provide credit card information?\t\t\t\t\t\t<\/button>\n\t\t\t\t\t<\/div>\n\n\t\t\t\t\t<div id=\"idid69f0910483063\" class=\"collapse\" aria-labelledby=\"h-idid69f0910483063\" data-parent=\"#central_aco\">\n\t\t\t\t\t\t<div class=\"card-body\">\n\t\t\t\t\t\t\t<p>Hotel 10 needs your credit card information to guarantee your reservation. That&#8217;s why we send your credit card information directly to the card company, who validates and authorizes the purchase. To protect your card and encode data when it is being sent to us, we use Secure Socket Layer (SSL) technology.<\/p><p>\u00a0<\/p><p>Please note that your card may be authorized or debited (sometimes without any refund options) on certain rates or special offers after the reservation has been made and confirmed. Please check the room description carefully before making your reservation.<\/p>\t\t\t\t\t\t\t<!-- <a href=\"https:\/\/www.hotel10.com.br\/en\/perguntas-e-repostas\/am-i-required-to-provide-credit-card-information\/\" style=\"font-size:xx-small;\">Ver isolado<\/a> -->\n\t\t\t\t\t\t<\/div>\n\t\t\t\t\t<\/div>\n\t\t\t\t<\/div>\n\n\n\t\t\n\t\t\t\t<div class=\"card\">\n\t\t\t\t\t<div id=\"h-idid69f09104834ad\">\n\t\t\t\t\t\t<button class=\"btn btn-link collapsed\" data-toggle=\"collapse\" data-target=\"#idid69f09104834ad\" aria-expanded=\"false\" aria-controls=\"idid69f09104834ad\">\n\t\t\t\t\t\t\tHow does lodging work for minors?\t\t\t\t\t\t<\/button>\n\t\t\t\t\t<\/div>\n\n\t\t\t\t\t<div id=\"idid69f09104834ad\" class=\"collapse\" aria-labelledby=\"h-idid69f09104834ad\" data-parent=\"#central_aco\">\n\t\t\t\t\t\t<div class=\"card-body\">\n\t\t\t\t\t\t\t<p>The Child and Adolescent Statute (Law 8.069 of July,13<sup>th<\/sup> 1990) defines as a crime, the accommodation of a child or adolescent in a hotel, motel, inn, lodge or similar establishment, unless accompanied by parents or guardians. To prove this, an identity document or birth certificate must be presented.<\/p><p>\u00a0<\/p><p>For minors unaccompanied by parents, written permission from parents with a notarized signature is required upon check-in. Please note that regardless of whether or not the minor is accompanied by a guardian, it is essential to present the child&#8217;s or adolescent&#8217;s ID at check-in.<\/p>\t\t\t\t\t\t\t<!-- <a href=\"https:\/\/www.hotel10.com.br\/en\/perguntas-e-repostas\/how-does-lodging-work-for-minors\/\" style=\"font-size:xx-small;\">Ver isolado<\/a> -->\n\t\t\t\t\t\t<\/div>\n\t\t\t\t\t<\/div>\n\t\t\t\t<\/div>\n\n\n\t\t\n\t\t\t\t<div class=\"card\">\n\t\t\t\t\t<div id=\"h-idid69f09104838aa\">\n\t\t\t\t\t\t<button class=\"btn btn-link collapsed\" data-toggle=\"collapse\" data-target=\"#idid69f09104838aa\" aria-expanded=\"false\" aria-controls=\"idid69f09104838aa\">\n\t\t\t\t\t\t\tIs it pet friendly?\t\t\t\t\t\t<\/button>\n\t\t\t\t\t<\/div>\n\n\t\t\t\t\t<div id=\"idid69f09104838aa\" class=\"collapse\" aria-labelledby=\"h-idid69f09104838aa\" data-parent=\"#central_aco\">\n\t\t\t\t\t\t<div class=\"card-body\">\n\t\t\t\t\t\t\t<p>The hotel can accommodate one small, trained pet per room. There is also a covered kennel available for larger animals. If you are staying with your pet, you must follow the procedures below:<\/p><p>\u00a0<\/p><ol><li>Complete the application form for your pet upon check-in.<\/li><li>Carry your pet in your arms while in the common areas.<\/li><li>Do not leave your pet unattended either in the room or in your vehicle.<\/li><li>Always carry a plastic bag to collect any mess your pet leaves outside the hotel.<\/li><\/ol><p>\u00a0<\/p><p>Pet accommodation costs 25% of the single room rate. This fee does not include food, bedding or any kind of pet accessory. \u00a0 Small pets may stay in the ground floor apartments and at the sides of the building, preventing noise from disturbing the tranquility and comfort of other guests.<\/p>\t\t\t\t\t\t\t<!-- <a href=\"https:\/\/www.hotel10.com.br\/en\/perguntas-e-repostas\/is-it-pet-friendly\/\" style=\"font-size:xx-small;\">Ver isolado<\/a> -->\n\t\t\t\t\t\t<\/div>\n\t\t\t\t\t<\/div>\n\t\t\t\t<\/div>\n\n\n\t\t<\/div>\n\t\t\t\t\t\t\t\t<\/div>\n\t\t\t\t\t<\/div>\n\t\t<\/div>\n\t\t\t\t<div class=\"elementor-column elementor-col-33 elementor-top-column elementor-element elementor-element-94b5f69\" data-id=\"94b5f69\" data-element_type=\"column\" data-e-type=\"column\">\n\t\t\t<div class=\"elementor-widget-wrap elementor-element-populated\">\n\t\t\t\t\t\t<div class=\"elementor-element elementor-element-6f27502 elementor-widget elementor-widget-image\" data-id=\"6f27502\" data-element_type=\"widget\" data-e-type=\"widget\" data-widget_type=\"image.default\">\n\t\t\t\t\t\t\t\t\t\t\t\t\t\t\t<img fetchpriority=\"high\" decoding=\"async\" width=\"361\" height=\"165\" src=\"https:\/\/www.hotel10.com.br\/wp-content\/uploads\/2019\/08\/m\u00e3o-apertando-uma-campainha-de-recep\u00e7\u00e3o-do-Hotel-10.png\" class=\"attachment-large size-large wp-image-425\" alt=\"\" srcset=\"https:\/\/www.hotel10.com.br\/wp-content\/uploads\/2019\/08\/m\u00e3o-apertando-uma-campainha-de-recep\u00e7\u00e3o-do-Hotel-10.png 361w, https:\/\/www.hotel10.com.br\/wp-content\/uploads\/2019\/08\/m\u00e3o-apertando-uma-campainha-de-recep\u00e7\u00e3o-do-Hotel-10-300x137.png 300w, https:\/\/www.hotel10.com.br\/wp-content\/uploads\/2019\/08\/m\u00e3o-apertando-uma-campainha-de-recep\u00e7\u00e3o-do-Hotel-10-219x100.png 219w, https:\/\/www.hotel10.com.br\/wp-content\/uploads\/2019\/08\/m\u00e3o-apertando-uma-campainha-de-recep\u00e7\u00e3o-do-Hotel-10-175x80.png 175w\" sizes=\"(max-width: 361px) 100vw, 361px\" \/>\t\t\t\t\t\t\t\t\t\t\t\t\t\t\t<\/div>\n\t\t\t\t<div class=\"elementor-element elementor-element-b7006ce th-btn-align-left elementor-widget elementor-widget-themo-button\" data-id=\"b7006ce\" data-element_type=\"widget\" data-e-type=\"widget\" data-widget_type=\"themo-button.default\">\n\t\t\t\t<div class=\"elementor-widget-container\">\n\t\t\t\t\t\n                \t\t\t<a class=\"btn-1 btn th-btn btn-standard-light\" href=\"\/hoteis\/en\/contact-us\/\">\n\t\t\t\t\t\t\t\t\tContact us\t\t\t\t\t\t\t<\/a>\n\t\t\n        \n\t\t\t\t\t\t<\/div>\n\t\t\t\t<\/div>\n\t\t\t\t\t<\/div>\n\t\t<\/div>\n\t\t\t\t\t<\/div>\n\t\t<\/section>\n\t\t\t\t<\/div>\n\t\t","protected":false},"excerpt":{"rendered":"<p>Frequently asked questions Contact us<\/p>\n","protected":false},"author":1,"featured_media":0,"parent":0,"menu_order":4,"comment_status":"closed","ping_status":"closed","template":"elementor_canvas","meta":{"_acf_changed":false,"footnotes":""},"class_list":["post-2100","page","type-page","status-publish","hentry"],"acf":[],"yoast_head":"<!-- This site is optimized with the Yoast SEO plugin v27.4 - https:\/\/yoast.com\/product\/yoast-seo-wordpress\/ -->\n<title>Frequently asked questions &#187; Hotel 10<\/title>\n<meta name=\"robots\" content=\"index, follow, max-snippet:-1, max-image-preview:large, max-video-preview:-1\" \/>\n<link rel=\"canonical\" href=\"https:\/\/www.hotel10.com.br\/en\/frequently-asked-questions\/\" \/>\n<meta property=\"og:locale\" content=\"en_US\" \/>\n<meta property=\"og:type\" content=\"article\" \/>\n<meta property=\"og:title\" content=\"Frequently asked questions &#187; Hotel 10\" \/>\n<meta property=\"og:description\" content=\"Frequently asked questions Contact us\" \/>\n<meta property=\"og:url\" content=\"https:\/\/www.hotel10.com.br\/en\/frequently-asked-questions\/\" \/>\n<meta property=\"og:site_name\" content=\"Hotel 10\" \/>\n<meta property=\"article:modified_time\" content=\"2019-11-19T11:26:16+00:00\" \/>\n<meta name=\"twitter:card\" content=\"summary_large_image\" \/>\n<script type=\"application\/ld+json\" class=\"yoast-schema-graph\">{\"@context\":\"https:\\\/\\\/schema.org\",\"@graph\":[{\"@type\":\"WebPage\",\"@id\":\"https:\\\/\\\/www.hotel10.com.br\\\/en\\\/frequently-asked-questions\\\/\",\"url\":\"https:\\\/\\\/www.hotel10.com.br\\\/en\\\/frequently-asked-questions\\\/\",\"name\":\"Frequently asked questions &#187; Hotel 10\",\"isPartOf\":{\"@id\":\"https:\\\/\\\/www.hotel10.com.br\\\/es\\\/#website\"},\"datePublished\":\"2019-08-22T13:58:51+00:00\",\"dateModified\":\"2019-11-19T11:26:16+00:00\",\"breadcrumb\":{\"@id\":\"https:\\\/\\\/www.hotel10.com.br\\\/en\\\/frequently-asked-questions\\\/#breadcrumb\"},\"inLanguage\":\"en-US\",\"potentialAction\":[{\"@type\":\"ReadAction\",\"target\":[\"https:\\\/\\\/www.hotel10.com.br\\\/en\\\/frequently-asked-questions\\\/\"]}]},{\"@type\":\"BreadcrumbList\",\"@id\":\"https:\\\/\\\/www.hotel10.com.br\\\/en\\\/frequently-asked-questions\\\/#breadcrumb\",\"itemListElement\":[{\"@type\":\"ListItem\",\"position\":1,\"name\":\"In\u00edcio\",\"item\":\"https:\\\/\\\/www.hotel10.com.br\\\/\"},{\"@type\":\"ListItem\",\"position\":2,\"name\":\"Frequently asked questions\"}]},{\"@type\":\"WebSite\",\"@id\":\"https:\\\/\\\/www.hotel10.com.br\\\/es\\\/#website\",\"url\":\"https:\\\/\\\/www.hotel10.com.br\\\/es\\\/\",\"name\":\"Hotel 10\",\"description\":\"Rede de Hoteis - Hotel 10\",\"publisher\":{\"@id\":\"https:\\\/\\\/www.hotel10.com.br\\\/es\\\/#organization\"},\"potentialAction\":[{\"@type\":\"SearchAction\",\"target\":{\"@type\":\"EntryPoint\",\"urlTemplate\":\"https:\\\/\\\/www.hotel10.com.br\\\/es\\\/?s={search_term_string}\"},\"query-input\":{\"@type\":\"PropertyValueSpecification\",\"valueRequired\":true,\"valueName\":\"search_term_string\"}}],\"inLanguage\":\"en-US\"},{\"@type\":\"Organization\",\"@id\":\"https:\\\/\\\/www.hotel10.com.br\\\/es\\\/#organization\",\"name\":\"Hotel 10\",\"url\":\"https:\\\/\\\/www.hotel10.com.br\\\/es\\\/\",\"logo\":{\"@type\":\"ImageObject\",\"inLanguage\":\"en-US\",\"@id\":\"https:\\\/\\\/www.hotel10.com.br\\\/es\\\/#\\\/schema\\\/logo\\\/image\\\/\",\"url\":\"https:\\\/\\\/www.hotel10.com.br\\\/hoteis\\\/wp-content\\\/uploads\\\/2019\\\/08\\\/hotel-10-redes-de-hoteis-de-qualidade-em-todo-o-brasil.png\",\"contentUrl\":\"https:\\\/\\\/www.hotel10.com.br\\\/hoteis\\\/wp-content\\\/uploads\\\/2019\\\/08\\\/hotel-10-redes-de-hoteis-de-qualidade-em-todo-o-brasil.png\",\"width\":800,\"height\":800,\"caption\":\"Hotel 10\"},\"image\":{\"@id\":\"https:\\\/\\\/www.hotel10.com.br\\\/es\\\/#\\\/schema\\\/logo\\\/image\\\/\"}}]}<\/script>\n<!-- \/ Yoast SEO plugin. -->","yoast_head_json":{"title":"Frequently asked questions &#187; Hotel 10","robots":{"index":"index","follow":"follow","max-snippet":"max-snippet:-1","max-image-preview":"max-image-preview:large","max-video-preview":"max-video-preview:-1"},"canonical":"https:\/\/www.hotel10.com.br\/en\/frequently-asked-questions\/","og_locale":"en_US","og_type":"article","og_title":"Frequently asked questions &#187; Hotel 10","og_description":"Frequently asked questions Contact us","og_url":"https:\/\/www.hotel10.com.br\/en\/frequently-asked-questions\/","og_site_name":"Hotel 10","article_modified_time":"2019-11-19T11:26:16+00:00","twitter_card":"summary_large_image","schema":{"@context":"https:\/\/schema.org","@graph":[{"@type":"WebPage","@id":"https:\/\/www.hotel10.com.br\/en\/frequently-asked-questions\/","url":"https:\/\/www.hotel10.com.br\/en\/frequently-asked-questions\/","name":"Frequently asked questions &#187; Hotel 10","isPartOf":{"@id":"https:\/\/www.hotel10.com.br\/es\/#website"},"datePublished":"2019-08-22T13:58:51+00:00","dateModified":"2019-11-19T11:26:16+00:00","breadcrumb":{"@id":"https:\/\/www.hotel10.com.br\/en\/frequently-asked-questions\/#breadcrumb"},"inLanguage":"en-US","potentialAction":[{"@type":"ReadAction","target":["https:\/\/www.hotel10.com.br\/en\/frequently-asked-questions\/"]}]},{"@type":"BreadcrumbList","@id":"https:\/\/www.hotel10.com.br\/en\/frequently-asked-questions\/#breadcrumb","itemListElement":[{"@type":"ListItem","position":1,"name":"In\u00edcio","item":"https:\/\/www.hotel10.com.br\/"},{"@type":"ListItem","position":2,"name":"Frequently asked questions"}]},{"@type":"WebSite","@id":"https:\/\/www.hotel10.com.br\/es\/#website","url":"https:\/\/www.hotel10.com.br\/es\/","name":"Hotel 10","description":"Rede de Hoteis - Hotel 10","publisher":{"@id":"https:\/\/www.hotel10.com.br\/es\/#organization"},"potentialAction":[{"@type":"SearchAction","target":{"@type":"EntryPoint","urlTemplate":"https:\/\/www.hotel10.com.br\/es\/?s={search_term_string}"},"query-input":{"@type":"PropertyValueSpecification","valueRequired":true,"valueName":"search_term_string"}}],"inLanguage":"en-US"},{"@type":"Organization","@id":"https:\/\/www.hotel10.com.br\/es\/#organization","name":"Hotel 10","url":"https:\/\/www.hotel10.com.br\/es\/","logo":{"@type":"ImageObject","inLanguage":"en-US","@id":"https:\/\/www.hotel10.com.br\/es\/#\/schema\/logo\/image\/","url":"https:\/\/www.hotel10.com.br\/hoteis\/wp-content\/uploads\/2019\/08\/hotel-10-redes-de-hoteis-de-qualidade-em-todo-o-brasil.png","contentUrl":"https:\/\/www.hotel10.com.br\/hoteis\/wp-content\/uploads\/2019\/08\/hotel-10-redes-de-hoteis-de-qualidade-em-todo-o-brasil.png","width":800,"height":800,"caption":"Hotel 10"},"image":{"@id":"https:\/\/www.hotel10.com.br\/es\/#\/schema\/logo\/image\/"}}]}},"_links":{"self":[{"href":"https:\/\/www.hotel10.com.br\/en\/wp-json\/wp\/v2\/pages\/2100","targetHints":{"allow":["GET"]}}],"collection":[{"href":"https:\/\/www.hotel10.com.br\/en\/wp-json\/wp\/v2\/pages"}],"about":[{"href":"https:\/\/www.hotel10.com.br\/en\/wp-json\/wp\/v2\/types\/page"}],"author":[{"embeddable":true,"href":"https:\/\/www.hotel10.com.br\/en\/wp-json\/wp\/v2\/users\/1"}],"replies":[{"embeddable":true,"href":"https:\/\/www.hotel10.com.br\/en\/wp-json\/wp\/v2\/comments?post=2100"}],"version-history":[{"count":0,"href":"https:\/\/www.hotel10.com.br\/en\/wp-json\/wp\/v2\/pages\/2100\/revisions"}],"wp:attachment":[{"href":"https:\/\/www.hotel10.com.br\/en\/wp-json\/wp\/v2\/media?parent=2100"}],"curies":[{"name":"wp","href":"https:\/\/api.w.org\/{rel}","templated":true}]}}